{"id":27806,"date":"2025-11-21T17:36:14","date_gmt":"2025-11-21T14:36:14","guid":{"rendered":"https:\/\/elifsstyl.com\/?product=noel-asci-cift"},"modified":"2026-03-15T21:32:59","modified_gmt":"2026-03-15T18:32:59","slug":"noel-asci-cift","status":"publish","type":"product","link":"https:\/\/elifsstyl.com\/?product=noel-asci-cift","title":{"rendered":"NOEL A\u015e\u00c7I \u00c7\u0130FT 14 cm"},"content":{"rendered":"","protected":false},"excerpt":{"rendered":"","protected":false},"featured_media":27804,"comment_status":"open","ping_status":"closed","template":"","meta":[],"product_brand":[],"product_cat":[797],"product_tag":[],"class_list":{"0":"post-27806","1":"product","2":"type-product","3":"status-publish","4":"has-post-thumbnail","6":"product_cat-tas-tozu-urunler","8":"first","9":"instock","10":"taxable","11":"shipping-taxable","12":"purchasable","13":"product-type-simple"},"_links":{"self":[{"href":"https:\/\/elifsstyl.com\/index.php?rest_route=\/wp\/v2\/product\/27806","targetHints":{"allow":["GET"]}}],"collection":[{"href":"https:\/\/elifsstyl.com\/index.php?rest_route=\/wp\/v2\/product"}],"about":[{"href":"https:\/\/elifsstyl.com\/index.php?rest_route=\/wp\/v2\/types\/product"}],"replies":[{"embeddable":true,"href":"https:\/\/elifsstyl.com\/index.php?rest_route=%2Fwp%2Fv2%2Fcomments&post=27806"}],"version-history":[{"count":1,"href":"https:\/\/elifsstyl.com\/index.php?rest_route=\/wp\/v2\/product\/27806\/revisions"}],"predecessor-version":[{"id":27823,"href":"https:\/\/elifsstyl.com\/index.php?rest_route=\/wp\/v2\/product\/27806\/revisions\/27823"}],"wp:featuredmedia":[{"embeddable":true,"href":"https:\/\/elifsstyl.com\/index.php?rest_route=\/wp\/v2\/media\/27804"}],"wp:attachment":[{"href":"https:\/\/elifsstyl.com\/index.php?rest_route=%2Fwp%2Fv2%2Fmedia&parent=27806"}],"wp:term":[{"taxonomy":"product_brand","embeddable":true,"href":"https:\/\/elifsstyl.com\/index.php?rest_route=%2Fwp%2Fv2%2Fproduct_brand&post=27806"},{"taxonomy":"product_cat","embeddable":true,"href":"https:\/\/elifsstyl.com\/index.php?rest_route=%2Fwp%2Fv2%2Fproduct_cat&post=27806"},{"taxonomy":"product_tag","embeddable":true,"href":"https:\/\/elifsstyl.com\/index.php?rest_route=%2Fwp%2Fv2%2Fproduct_tag&post=27806"}],"curies":[{"name":"wp","href":"https:\/\/api.w.org\/{rel}","templated":true}]}}