{"id":27661,"date":"2025-11-16T13:08:52","date_gmt":"2025-11-16T10:08:52","guid":{"rendered":"https:\/\/elifsstyl.com\/?product=kis-evi-9x8-taban-8-5-cm-y"},"modified":"2025-11-16T13:18:52","modified_gmt":"2025-11-16T10:18:52","slug":"kis-evi-9x8-taban-8-5-cm-y","status":"publish","type":"product","link":"https:\/\/elifsstyl.com\/?product=kis-evi-9x8-taban-8-5-cm-y","title":{"rendered":"KI\u015e EV\u0130 9&#215;8 TABAN 8.5 CM Y."},"content":{"rendered":"<p>sadece obje sat\u0131\u015f\u0131 mevcut el yap\u0131m\u0131 porselen ta\u015f tozu<\/p>\n","protected":false},"excerpt":{"rendered":"<p>sadece obje sat\u0131\u015f\u0131 mevcut el yap\u0131m\u0131 porselen ta\u015f tozu<\/p>\n","protected":false},"featured_media":27655,"comment_status":"open","ping_status":"closed","template":"","meta":[],"product_brand":[],"product_cat":[797],"product_tag":[],"class_list":{"0":"post-27661","1":"product","2":"type-product","3":"status-publish","4":"has-post-thumbnail","6":"product_cat-tas-tozu-urunler","8":"first","9":"instock","10":"taxable","11":"shipping-taxable","12":"purchasable","13":"product-type-simple"},"_links":{"self":[{"href":"https:\/\/elifsstyl.com\/index.php?rest_route=\/wp\/v2\/product\/27661","targetHints":{"allow":["GET"]}}],"collection":[{"href":"https:\/\/elifsstyl.com\/index.php?rest_route=\/wp\/v2\/product"}],"about":[{"href":"https:\/\/elifsstyl.com\/index.php?rest_route=\/wp\/v2\/types\/product"}],"replies":[{"embeddable":true,"href":"https:\/\/elifsstyl.com\/index.php?rest_route=%2Fwp%2Fv2%2Fcomments&post=27661"}],"version-history":[{"count":1,"href":"https:\/\/elifsstyl.com\/index.php?rest_route=\/wp\/v2\/product\/27661\/revisions"}],"predecessor-version":[{"id":27674,"href":"https:\/\/elifsstyl.com\/index.php?rest_route=\/wp\/v2\/product\/27661\/revisions\/27674"}],"wp:featuredmedia":[{"embeddable":true,"href":"https:\/\/elifsstyl.com\/index.php?rest_route=\/wp\/v2\/media\/27655"}],"wp:attachment":[{"href":"https:\/\/elifsstyl.com\/index.php?rest_route=%2Fwp%2Fv2%2Fmedia&parent=27661"}],"wp:term":[{"taxonomy":"product_brand","embeddable":true,"href":"https:\/\/elifsstyl.com\/index.php?rest_route=%2Fwp%2Fv2%2Fproduct_brand&post=27661"},{"taxonomy":"product_cat","embeddable":true,"href":"https:\/\/elifsstyl.com\/index.php?rest_route=%2Fwp%2Fv2%2Fproduct_cat&post=27661"},{"taxonomy":"product_tag","embeddable":true,"href":"https:\/\/elifsstyl.com\/index.php?rest_route=%2Fwp%2Fv2%2Fproduct_tag&post=27661"}],"curies":[{"name":"wp","href":"https:\/\/api.w.org\/{rel}","templated":true}]}}