{"id":27560,"date":"2025-11-07T04:32:00","date_gmt":"2025-11-07T01:32:00","guid":{"rendered":"https:\/\/elifsstyl.com\/?product=3-lu-samdan-27-cm"},"modified":"2025-12-22T04:07:51","modified_gmt":"2025-12-22T01:07:51","slug":"3-lu-samdan-27-cm","status":"publish","type":"product","link":"https:\/\/elifsstyl.com\/?product=3-lu-samdan-27-cm","title":{"rendered":"3 L\u00fc \u015eamdan 27 Cm"},"content":{"rendered":"","protected":false},"excerpt":{"rendered":"<p>Renksiz (standart) ve \u00d6zel Renk (+100 TL) se\u00e7enekleri mevcuttur.<br \/><a href='https:\/\/elifsstyl.com\/?product=3-lu-samdan-27-cm-kalip' style='display:inline-block;padding:10px 14px;border-radius:8px;background:#2563eb;color:#fff;text-decoration:none;font-weight:600;'>Kal\u0131b\u0131n\u0131 G\u00f6r<\/a><\/p>\n","protected":false},"featured_media":27323,"comment_status":"open","ping_status":"closed","template":"","meta":[],"product_brand":[],"product_cat":[803],"product_tag":[],"class_list":{"0":"post-27560","1":"product","2":"type-product","3":"status-publish","4":"has-post-thumbnail","6":"product_cat-karisik","8":"first","9":"outofstock","10":"taxable","11":"shipping-taxable","12":"purchasable","13":"product-type-variable"},"_links":{"self":[{"href":"https:\/\/elifsstyl.com\/index.php?rest_route=\/wp\/v2\/product\/27560","targetHints":{"allow":["GET"]}}],"collection":[{"href":"https:\/\/elifsstyl.com\/index.php?rest_route=\/wp\/v2\/product"}],"about":[{"href":"https:\/\/elifsstyl.com\/index.php?rest_route=\/wp\/v2\/types\/product"}],"replies":[{"embeddable":true,"href":"https:\/\/elifsstyl.com\/index.php?rest_route=%2Fwp%2Fv2%2Fcomments&post=27560"}],"version-history":[{"count":0,"href":"https:\/\/elifsstyl.com\/index.php?rest_route=\/wp\/v2\/product\/27560\/revisions"}],"wp:featuredmedia":[{"embeddable":true,"href":"https:\/\/elifsstyl.com\/index.php?rest_route=\/wp\/v2\/media\/27323"}],"wp:attachment":[{"href":"https:\/\/elifsstyl.com\/index.php?rest_route=%2Fwp%2Fv2%2Fmedia&parent=27560"}],"wp:term":[{"taxonomy":"product_brand","embeddable":true,"href":"https:\/\/elifsstyl.com\/index.php?rest_route=%2Fwp%2Fv2%2Fproduct_brand&post=27560"},{"taxonomy":"product_cat","embeddable":true,"href":"https:\/\/elifsstyl.com\/index.php?rest_route=%2Fwp%2Fv2%2Fproduct_cat&post=27560"},{"taxonomy":"product_tag","embeddable":true,"href":"https:\/\/elifsstyl.com\/index.php?rest_route=%2Fwp%2Fv2%2Fproduct_tag&post=27560"}],"curies":[{"name":"wp","href":"https:\/\/api.w.org\/{rel}","templated":true}]}}