{"id":27559,"date":"2025-11-07T04:32:00","date_gmt":"2025-11-07T01:32:00","guid":{"rendered":"https:\/\/elifsstyl.com\/?product=2-li-balik-kalip"},"modified":"2026-04-10T20:23:15","modified_gmt":"2026-04-10T17:23:15","slug":"2-li-balik-kalip","status":"publish","type":"product","link":"https:\/\/elifsstyl.com\/?product=2-li-balik-kalip","title":{"rendered":"2 Li Bal\u0131k &#8211; Kal\u0131p"},"content":{"rendered":"","protected":false},"excerpt":{"rendered":"<p>Bu \u00fcr\u00fcn\u00fcn kal\u0131b\u0131d\u0131r.<br \/><a href='https:\/\/elifsstyl.com\/?product=2-li-balik' style='display:inline-block;padding:10px 14px;border-radius:8px;background:#059669;color:#fff;text-decoration:none;font-weight:600;'>\u00dcr\u00fcne D\u00f6n<\/a><\/p>\n","protected":false},"featured_media":27322,"comment_status":"open","ping_status":"closed","template":"","meta":[],"product_brand":[],"product_cat":[798],"product_tag":[],"class_list":{"0":"post-27559","1":"product","2":"type-product","3":"status-publish","4":"has-post-thumbnail","6":"product_cat-silikon-kaliplar","8":"first","9":"instock","10":"taxable","11":"shipping-taxable","12":"purchasable","13":"product-type-simple"},"_links":{"self":[{"href":"https:\/\/elifsstyl.com\/index.php?rest_route=\/wp\/v2\/product\/27559","targetHints":{"allow":["GET"]}}],"collection":[{"href":"https:\/\/elifsstyl.com\/index.php?rest_route=\/wp\/v2\/product"}],"about":[{"href":"https:\/\/elifsstyl.com\/index.php?rest_route=\/wp\/v2\/types\/product"}],"replies":[{"embeddable":true,"href":"https:\/\/elifsstyl.com\/index.php?rest_route=%2Fwp%2Fv2%2Fcomments&post=27559"}],"version-history":[{"count":0,"href":"https:\/\/elifsstyl.com\/index.php?rest_route=\/wp\/v2\/product\/27559\/revisions"}],"wp:featuredmedia":[{"embeddable":true,"href":"https:\/\/elifsstyl.com\/index.php?rest_route=\/wp\/v2\/media\/27322"}],"wp:attachment":[{"href":"https:\/\/elifsstyl.com\/index.php?rest_route=%2Fwp%2Fv2%2Fmedia&parent=27559"}],"wp:term":[{"taxonomy":"product_brand","embeddable":true,"href":"https:\/\/elifsstyl.com\/index.php?rest_route=%2Fwp%2Fv2%2Fproduct_brand&post=27559"},{"taxonomy":"product_cat","embeddable":true,"href":"https:\/\/elifsstyl.com\/index.php?rest_route=%2Fwp%2Fv2%2Fproduct_cat&post=27559"},{"taxonomy":"product_tag","embeddable":true,"href":"https:\/\/elifsstyl.com\/index.php?rest_route=%2Fwp%2Fv2%2Fproduct_tag&post=27559"}],"curies":[{"name":"wp","href":"https:\/\/api.w.org\/{rel}","templated":true}]}}