{"id":27390,"date":"2025-11-07T04:31:39","date_gmt":"2025-11-07T01:31:39","guid":{"rendered":"https:\/\/elifsstyl.com\/?product=gullu-tepsi-kalip"},"modified":"2025-11-07T04:31:39","modified_gmt":"2025-11-07T01:31:39","slug":"gullu-tepsi-kalip","status":"publish","type":"product","link":"https:\/\/elifsstyl.com\/?product=gullu-tepsi-kalip","title":{"rendered":"G\u00fcll\u00fc Tepsi &#8211; Kal\u0131p"},"content":{"rendered":"","protected":false},"excerpt":{"rendered":"<p>Bu \u00fcr\u00fcn\u00fcn kal\u0131b\u0131d\u0131r.<br \/><a href='https:\/\/elifsstyl.com\/?product=gullu-tepsi' style='display:inline-block;padding:10px 14px;border-radius:8px;background:#059669;color:#fff;text-decoration:none;font-weight:600;'>\u00dcr\u00fcne D\u00f6n<\/a><\/p>\n","protected":false},"featured_media":27024,"comment_status":"open","ping_status":"closed","template":"","meta":[],"product_brand":[],"product_cat":[798],"product_tag":[],"class_list":{"0":"post-27390","1":"product","2":"type-product","3":"status-publish","4":"has-post-thumbnail","6":"product_cat-silikon-kaliplar","8":"first","9":"instock","10":"taxable","11":"shipping-taxable","12":"purchasable","13":"product-type-simple"},"_links":{"self":[{"href":"https:\/\/elifsstyl.com\/index.php?rest_route=\/wp\/v2\/product\/27390","targetHints":{"allow":["GET"]}}],"collection":[{"href":"https:\/\/elifsstyl.com\/index.php?rest_route=\/wp\/v2\/product"}],"about":[{"href":"https:\/\/elifsstyl.com\/index.php?rest_route=\/wp\/v2\/types\/product"}],"replies":[{"embeddable":true,"href":"https:\/\/elifsstyl.com\/index.php?rest_route=%2Fwp%2Fv2%2Fcomments&post=27390"}],"version-history":[{"count":0,"href":"https:\/\/elifsstyl.com\/index.php?rest_route=\/wp\/v2\/product\/27390\/revisions"}],"wp:featuredmedia":[{"embeddable":true,"href":"https:\/\/elifsstyl.com\/index.php?rest_route=\/wp\/v2\/media\/27024"}],"wp:attachment":[{"href":"https:\/\/elifsstyl.com\/index.php?rest_route=%2Fwp%2Fv2%2Fmedia&parent=27390"}],"wp:term":[{"taxonomy":"product_brand","embeddable":true,"href":"https:\/\/elifsstyl.com\/index.php?rest_route=%2Fwp%2Fv2%2Fproduct_brand&post=27390"},{"taxonomy":"product_cat","embeddable":true,"href":"https:\/\/elifsstyl.com\/index.php?rest_route=%2Fwp%2Fv2%2Fproduct_cat&post=27390"},{"taxonomy":"product_tag","embeddable":true,"href":"https:\/\/elifsstyl.com\/index.php?rest_route=%2Fwp%2Fv2%2Fproduct_tag&post=27390"}],"curies":[{"name":"wp","href":"https:\/\/api.w.org\/{rel}","templated":true}]}}