{"id":27294,"date":"2025-11-07T03:55:11","date_gmt":"2025-11-07T00:55:11","guid":{"rendered":"https:\/\/elifsstyl.com\/?post_type=product&#038;p=27294"},"modified":"2026-01-14T01:13:42","modified_gmt":"2026-01-13T22:13:42","slug":"1-adet-ayicik-7-cm","status":"publish","type":"product","link":"https:\/\/elifsstyl.com\/?product=1-adet-ayicik-7-cm","title":{"rendered":"1 Adet Ay\u0131c\u0131k 7 cm"},"content":{"rendered":"","protected":false},"excerpt":{"rendered":"<p>Renksiz (standart) ve \u00d6zel Renk (+100 TL) se\u00e7enekleri mevcuttur.<br \/><a href='https:\/\/elifsstyl.com\/?product=1-adet-ayicik-7-cm-kalip' style='display:inline-block;padding:10px 14px;border-radius:8px;background:#2563eb;color:#fff;text-decoration:none;font-weight:600;'>Kal\u0131b\u0131n\u0131 G\u00f6r<\/a><\/p>\n","protected":false},"featured_media":27012,"comment_status":"open","ping_status":"closed","template":"","meta":[],"product_brand":[],"product_cat":[803],"product_tag":[],"class_list":{"0":"post-27294","1":"product","2":"type-product","3":"status-publish","4":"has-post-thumbnail","6":"product_cat-karisik","8":"first","9":"instock","10":"taxable","11":"shipping-taxable","12":"purchasable","13":"product-type-variable"},"_links":{"self":[{"href":"https:\/\/elifsstyl.com\/index.php?rest_route=\/wp\/v2\/product\/27294","targetHints":{"allow":["GET"]}}],"collection":[{"href":"https:\/\/elifsstyl.com\/index.php?rest_route=\/wp\/v2\/product"}],"about":[{"href":"https:\/\/elifsstyl.com\/index.php?rest_route=\/wp\/v2\/types\/product"}],"replies":[{"embeddable":true,"href":"https:\/\/elifsstyl.com\/index.php?rest_route=%2Fwp%2Fv2%2Fcomments&post=27294"}],"version-history":[{"count":1,"href":"https:\/\/elifsstyl.com\/index.php?rest_route=\/wp\/v2\/product\/27294\/revisions"}],"predecessor-version":[{"id":27315,"href":"https:\/\/elifsstyl.com\/index.php?rest_route=\/wp\/v2\/product\/27294\/revisions\/27315"}],"wp:featuredmedia":[{"embeddable":true,"href":"https:\/\/elifsstyl.com\/index.php?rest_route=\/wp\/v2\/media\/27012"}],"wp:attachment":[{"href":"https:\/\/elifsstyl.com\/index.php?rest_route=%2Fwp%2Fv2%2Fmedia&parent=27294"}],"wp:term":[{"taxonomy":"product_brand","embeddable":true,"href":"https:\/\/elifsstyl.com\/index.php?rest_route=%2Fwp%2Fv2%2Fproduct_brand&post=27294"},{"taxonomy":"product_cat","embeddable":true,"href":"https:\/\/elifsstyl.com\/index.php?rest_route=%2Fwp%2Fv2%2Fproduct_cat&post=27294"},{"taxonomy":"product_tag","embeddable":true,"href":"https:\/\/elifsstyl.com\/index.php?rest_route=%2Fwp%2Fv2%2Fproduct_tag&post=27294"}],"curies":[{"name":"wp","href":"https:\/\/api.w.org\/{rel}","templated":true}]}}