{"id":26897,"date":"2025-11-07T03:14:48","date_gmt":"2025-11-07T00:14:48","guid":{"rendered":"https:\/\/elifsstyl.com\/?post_type=product&#038;p=26897"},"modified":"2026-01-14T01:26:59","modified_gmt":"2026-01-13T22:26:59","slug":"3-lu-sevgili-set","status":"publish","type":"product","link":"https:\/\/elifsstyl.com\/?product=3-lu-sevgili-set","title":{"rendered":"3 L\u00fc Sevgili Set"},"content":{"rendered":"","protected":false},"excerpt":{"rendered":"<p>Renksiz (standart) ve \u00d6zel Renk (+100 TL) se\u00e7enekleri mevcuttur.<br \/><a href='https:\/\/elifsstyl.com\/?product=3-lu-sevgili-set-kalip' style='display:inline-block;padding:10px 14px;border-radius:8px;background:#2563eb;color:#fff;text-decoration:none;font-weight:600;'>Kal\u0131b\u0131n\u0131 G\u00f6r<\/a><\/p>\n","protected":false},"featured_media":26735,"comment_status":"open","ping_status":"closed","template":"","meta":[],"product_brand":[],"product_cat":[803],"product_tag":[],"class_list":{"0":"post-26897","1":"product","2":"type-product","3":"status-publish","4":"has-post-thumbnail","6":"product_cat-karisik","8":"first","9":"instock","10":"taxable","11":"shipping-taxable","12":"purchasable","13":"product-type-variable"},"_links":{"self":[{"href":"https:\/\/elifsstyl.com\/index.php?rest_route=\/wp\/v2\/product\/26897","targetHints":{"allow":["GET"]}}],"collection":[{"href":"https:\/\/elifsstyl.com\/index.php?rest_route=\/wp\/v2\/product"}],"about":[{"href":"https:\/\/elifsstyl.com\/index.php?rest_route=\/wp\/v2\/types\/product"}],"replies":[{"embeddable":true,"href":"https:\/\/elifsstyl.com\/index.php?rest_route=%2Fwp%2Fv2%2Fcomments&post=26897"}],"version-history":[{"count":1,"href":"https:\/\/elifsstyl.com\/index.php?rest_route=\/wp\/v2\/product\/26897\/revisions"}],"predecessor-version":[{"id":26909,"href":"https:\/\/elifsstyl.com\/index.php?rest_route=\/wp\/v2\/product\/26897\/revisions\/26909"}],"wp:featuredmedia":[{"embeddable":true,"href":"https:\/\/elifsstyl.com\/index.php?rest_route=\/wp\/v2\/media\/26735"}],"wp:attachment":[{"href":"https:\/\/elifsstyl.com\/index.php?rest_route=%2Fwp%2Fv2%2Fmedia&parent=26897"}],"wp:term":[{"taxonomy":"product_brand","embeddable":true,"href":"https:\/\/elifsstyl.com\/index.php?rest_route=%2Fwp%2Fv2%2Fproduct_brand&post=26897"},{"taxonomy":"product_cat","embeddable":true,"href":"https:\/\/elifsstyl.com\/index.php?rest_route=%2Fwp%2Fv2%2Fproduct_cat&post=26897"},{"taxonomy":"product_tag","embeddable":true,"href":"https:\/\/elifsstyl.com\/index.php?rest_route=%2Fwp%2Fv2%2Fproduct_tag&post=26897"}],"curies":[{"name":"wp","href":"https:\/\/api.w.org\/{rel}","templated":true}]}}