{"id":26222,"date":"2025-10-30T15:07:40","date_gmt":"2025-10-30T12:07:40","guid":{"rendered":"https:\/\/elifsstyl.com\/?post_type=product&#038;p=26222"},"modified":"2025-10-30T15:21:47","modified_gmt":"2025-10-30T12:21:47","slug":"kalip-kisiye-ozel-duvar-panosu","status":"publish","type":"product","link":"https:\/\/elifsstyl.com\/?product=kalip-kisiye-ozel-duvar-panosu","title":{"rendered":"KALIP Ki\u015fiye \u00d6zel Duvar Panosu"},"content":{"rendered":"","protected":false},"excerpt":{"rendered":"<p><a class=\"btn\" href=\"\/?product=kisiye-ozel-duvar-panosu-20-cm\">Kal\u0131ptan \u00c7\u0131km\u0131\u015f \u00dcr\u00fcn \u0130\u00e7in T\u0131kla<\/a><\/p>\n<style>\n.btn {\ndisplay: inline-block;\npadding: 10px 16px;\nborder-radius: 8px;\nbackground: #16a34a; \/* Ye\u015fil *\/\ncolor: #fff;\ntext-decoration: none;\nfont-weight: 600;\ntransition: background 0.3s;\n}<\/p>\n<p>.btn:hover {\nbackground: #15803d; \/* Koyu ye\u015fil hover rengi *\/\n}\n<\/style>\n","protected":false},"featured_media":26220,"comment_status":"open","ping_status":"closed","template":"","meta":[],"product_brand":[],"product_cat":[798],"product_tag":[],"class_list":{"0":"post-26222","1":"product","2":"type-product","3":"status-publish","4":"has-post-thumbnail","6":"product_cat-silikon-kaliplar","8":"first","9":"instock","10":"taxable","11":"shipping-taxable","12":"purchasable","13":"product-type-variable"},"_links":{"self":[{"href":"https:\/\/elifsstyl.com\/index.php?rest_route=\/wp\/v2\/product\/26222","targetHints":{"allow":["GET"]}}],"collection":[{"href":"https:\/\/elifsstyl.com\/index.php?rest_route=\/wp\/v2\/product"}],"about":[{"href":"https:\/\/elifsstyl.com\/index.php?rest_route=\/wp\/v2\/types\/product"}],"replies":[{"embeddable":true,"href":"https:\/\/elifsstyl.com\/index.php?rest_route=%2Fwp%2Fv2%2Fcomments&post=26222"}],"version-history":[{"count":3,"href":"https:\/\/elifsstyl.com\/index.php?rest_route=\/wp\/v2\/product\/26222\/revisions"}],"predecessor-version":[{"id":26239,"href":"https:\/\/elifsstyl.com\/index.php?rest_route=\/wp\/v2\/product\/26222\/revisions\/26239"}],"wp:featuredmedia":[{"embeddable":true,"href":"https:\/\/elifsstyl.com\/index.php?rest_route=\/wp\/v2\/media\/26220"}],"wp:attachment":[{"href":"https:\/\/elifsstyl.com\/index.php?rest_route=%2Fwp%2Fv2%2Fmedia&parent=26222"}],"wp:term":[{"taxonomy":"product_brand","embeddable":true,"href":"https:\/\/elifsstyl.com\/index.php?rest_route=%2Fwp%2Fv2%2Fproduct_brand&post=26222"},{"taxonomy":"product_cat","embeddable":true,"href":"https:\/\/elifsstyl.com\/index.php?rest_route=%2Fwp%2Fv2%2Fproduct_cat&post=26222"},{"taxonomy":"product_tag","embeddable":true,"href":"https:\/\/elifsstyl.com\/index.php?rest_route=%2Fwp%2Fv2%2Fproduct_tag&post=26222"}],"curies":[{"name":"wp","href":"https:\/\/api.w.org\/{rel}","templated":true}]}}