{"id":26187,"date":"2025-10-30T04:19:09","date_gmt":"2025-10-30T01:19:09","guid":{"rendered":"https:\/\/elifsstyl.com\/?post_type=product&#038;p=26187"},"modified":"2026-01-14T01:51:43","modified_gmt":"2026-01-13T22:51:43","slug":"kalip-cicek-kizlar-sukulentlik-14-cm","status":"publish","type":"product","link":"https:\/\/elifsstyl.com\/?product=kalip-cicek-kizlar-sukulentlik-14-cm","title":{"rendered":"KALIP \u00c7i\u00e7ek K\u0131zlar Sukulentlik 14 Cm"},"content":{"rendered":"","protected":false},"excerpt":{"rendered":"<p><a class=\"btn\" href=\"\/?product=cicek-kizlar-sukuletlik\">Kal\u0131p \u0130\u00e7in T\u0131kla<\/a><\/p>\n<style>\n.btn {\ndisplay: inline-block;\npadding: 10px 16px;\nborder-radius: 8px;\nbackground: #16a34a; \/* Ye\u015fil *\/\ncolor: #fff;\ntext-decoration: none;\nfont-weight: 600;\ntransition: background 0.3s;\n}<\/p>\n<p>.btn:hover {\nbackground: #15803d; \/* Koyu ye\u015fil hover rengi *\/\n}\n<\/style>\n","protected":false},"featured_media":26185,"comment_status":"open","ping_status":"closed","template":"","meta":[],"product_brand":[],"product_cat":[798],"product_tag":[],"class_list":{"0":"post-26187","1":"product","2":"type-product","3":"status-publish","4":"has-post-thumbnail","6":"product_cat-silikon-kaliplar","7":"pa_renk-ozel-renk-100-tl","8":"pa_renk-renksiz","10":"first","11":"instock","12":"taxable","13":"shipping-taxable","14":"purchasable","15":"product-type-simple"},"_links":{"self":[{"href":"https:\/\/elifsstyl.com\/index.php?rest_route=\/wp\/v2\/product\/26187","targetHints":{"allow":["GET"]}}],"collection":[{"href":"https:\/\/elifsstyl.com\/index.php?rest_route=\/wp\/v2\/product"}],"about":[{"href":"https:\/\/elifsstyl.com\/index.php?rest_route=\/wp\/v2\/types\/product"}],"replies":[{"embeddable":true,"href":"https:\/\/elifsstyl.com\/index.php?rest_route=%2Fwp%2Fv2%2Fcomments&post=26187"}],"version-history":[{"count":2,"href":"https:\/\/elifsstyl.com\/index.php?rest_route=\/wp\/v2\/product\/26187\/revisions"}],"predecessor-version":[{"id":26193,"href":"https:\/\/elifsstyl.com\/index.php?rest_route=\/wp\/v2\/product\/26187\/revisions\/26193"}],"wp:featuredmedia":[{"embeddable":true,"href":"https:\/\/elifsstyl.com\/index.php?rest_route=\/wp\/v2\/media\/26185"}],"wp:attachment":[{"href":"https:\/\/elifsstyl.com\/index.php?rest_route=%2Fwp%2Fv2%2Fmedia&parent=26187"}],"wp:term":[{"taxonomy":"product_brand","embeddable":true,"href":"https:\/\/elifsstyl.com\/index.php?rest_route=%2Fwp%2Fv2%2Fproduct_brand&post=26187"},{"taxonomy":"product_cat","embeddable":true,"href":"https:\/\/elifsstyl.com\/index.php?rest_route=%2Fwp%2Fv2%2Fproduct_cat&post=26187"},{"taxonomy":"product_tag","embeddable":true,"href":"https:\/\/elifsstyl.com\/index.php?rest_route=%2Fwp%2Fv2%2Fproduct_tag&post=26187"}],"curies":[{"name":"wp","href":"https:\/\/api.w.org\/{rel}","templated":true}]}}