{"id":26136,"date":"2025-10-30T03:49:37","date_gmt":"2025-10-30T00:49:37","guid":{"rendered":"https:\/\/elifsstyl.com\/?post_type=product&#038;p=26136"},"modified":"2025-10-30T03:50:34","modified_gmt":"2025-10-30T00:50:34","slug":"kalip-noel-set-vazo","status":"publish","type":"product","link":"https:\/\/elifsstyl.com\/?product=kalip-noel-set-vazo","title":{"rendered":"KALIP Noel Set Vazo"},"content":{"rendered":"","protected":false},"excerpt":{"rendered":"<p><a class=\"btn\" href=\"\/?product=noel-set-vazo\">Kal\u0131ptan \u00c7\u0131km\u0131\u015f \u00dcr\u00fcn \u0130\u00e7in T\u0131kla<\/a><\/p>\n<style>\n  .btn {\n    display: inline-block;\n    padding: 10px 16px;\n    border-radius: 8px;\n    background: #16a34a; \/* Ye\u015fil *\/\n    color: #fff;\n    text-decoration: none;\n    font-weight: 600;\n    transition: background 0.3s;\n  }<\/p>\n<p>  .btn:hover {\n    background: #15803d; \/* Koyu ye\u015fil hover rengi *\/\n  }\n<\/style>\n","protected":false},"featured_media":26135,"comment_status":"open","ping_status":"closed","template":"","meta":[],"product_brand":[],"product_cat":[798],"product_tag":[],"class_list":{"0":"post-26136","1":"product","2":"type-product","3":"status-publish","4":"has-post-thumbnail","6":"product_cat-silikon-kaliplar","7":"pa_renk-ozel-renk-100-tl","8":"pa_renk-renksiz","10":"first","11":"instock","12":"taxable","13":"shipping-taxable","14":"purchasable","15":"product-type-simple"},"_links":{"self":[{"href":"https:\/\/elifsstyl.com\/index.php?rest_route=\/wp\/v2\/product\/26136","targetHints":{"allow":["GET"]}}],"collection":[{"href":"https:\/\/elifsstyl.com\/index.php?rest_route=\/wp\/v2\/product"}],"about":[{"href":"https:\/\/elifsstyl.com\/index.php?rest_route=\/wp\/v2\/types\/product"}],"replies":[{"embeddable":true,"href":"https:\/\/elifsstyl.com\/index.php?rest_route=%2Fwp%2Fv2%2Fcomments&post=26136"}],"version-history":[{"count":1,"href":"https:\/\/elifsstyl.com\/index.php?rest_route=\/wp\/v2\/product\/26136\/revisions"}],"predecessor-version":[{"id":26139,"href":"https:\/\/elifsstyl.com\/index.php?rest_route=\/wp\/v2\/product\/26136\/revisions\/26139"}],"wp:featuredmedia":[{"embeddable":true,"href":"https:\/\/elifsstyl.com\/index.php?rest_route=\/wp\/v2\/media\/26135"}],"wp:attachment":[{"href":"https:\/\/elifsstyl.com\/index.php?rest_route=%2Fwp%2Fv2%2Fmedia&parent=26136"}],"wp:term":[{"taxonomy":"product_brand","embeddable":true,"href":"https:\/\/elifsstyl.com\/index.php?rest_route=%2Fwp%2Fv2%2Fproduct_brand&post=26136"},{"taxonomy":"product_cat","embeddable":true,"href":"https:\/\/elifsstyl.com\/index.php?rest_route=%2Fwp%2Fv2%2Fproduct_cat&post=26136"},{"taxonomy":"product_tag","embeddable":true,"href":"https:\/\/elifsstyl.com\/index.php?rest_route=%2Fwp%2Fv2%2Fproduct_tag&post=26136"}],"curies":[{"name":"wp","href":"https:\/\/api.w.org\/{rel}","templated":true}]}}