{"id":26111,"date":"2025-10-30T03:19:45","date_gmt":"2025-10-30T00:19:45","guid":{"rendered":"https:\/\/elifsstyl.com\/?post_type=product&#038;p=26111"},"modified":"2025-11-07T04:40:12","modified_gmt":"2025-11-07T01:40:12","slug":"bubble-2-li-vazo-22-17-cm","status":"publish","type":"product","link":"https:\/\/elifsstyl.com\/?product=bubble-2-li-vazo-22-17-cm","title":{"rendered":"Bubble 2 li Vazo 22\/17 cm"},"content":{"rendered":"<p>1. \u00dcr\u00fcn Ebat: 22 Cm<br \/>\n2. \u00dcr\u00fcn Ebat 17 Cm<\/p>\n","protected":false},"excerpt":{"rendered":"<p><a class=\"btn\" href=\"\/?product=bubble-2-li-vazo-22-17-cm-kalipw\">Kal\u0131p \u0130\u00e7in T\u0131kla<\/a><\/p>\n<style>\n  .btn {\n    display: inline-block;\n    padding: 10px 16px;\n    border-radius: 8px;\n    background: #16a34a; \/* Ye\u015fil *\/\n    color: #fff;\n    text-decoration: none;\n    font-weight: 600;\n    transition: background 0.3s;\n  }<\/p>\n<p>  .btn:hover {\n    background: #15803d; \/* Koyu ye\u015fil hover rengi *\/\n  }\n<\/style>\n","protected":false},"featured_media":26113,"comment_status":"open","ping_status":"closed","template":"","meta":[],"product_brand":[],"product_cat":[797,799],"product_tag":[],"class_list":{"0":"post-26111","1":"product","2":"type-product","3":"status-publish","4":"has-post-thumbnail","6":"product_cat-tas-tozu-urunler","7":"product_cat-vazo","8":"pa_renk-ozel-renk-100-tl","9":"pa_renk-renksiz","11":"first","12":"instock","13":"taxable","14":"shipping-taxable","15":"purchasable","16":"product-type-variable"},"_links":{"self":[{"href":"https:\/\/elifsstyl.com\/index.php?rest_route=\/wp\/v2\/product\/26111","targetHints":{"allow":["GET"]}}],"collection":[{"href":"https:\/\/elifsstyl.com\/index.php?rest_route=\/wp\/v2\/product"}],"about":[{"href":"https:\/\/elifsstyl.com\/index.php?rest_route=\/wp\/v2\/types\/product"}],"replies":[{"embeddable":true,"href":"https:\/\/elifsstyl.com\/index.php?rest_route=%2Fwp%2Fv2%2Fcomments&post=26111"}],"version-history":[{"count":6,"href":"https:\/\/elifsstyl.com\/index.php?rest_route=\/wp\/v2\/product\/26111\/revisions"}],"predecessor-version":[{"id":26128,"href":"https:\/\/elifsstyl.com\/index.php?rest_route=\/wp\/v2\/product\/26111\/revisions\/26128"}],"wp:featuredmedia":[{"embeddable":true,"href":"https:\/\/elifsstyl.com\/index.php?rest_route=\/wp\/v2\/media\/26113"}],"wp:attachment":[{"href":"https:\/\/elifsstyl.com\/index.php?rest_route=%2Fwp%2Fv2%2Fmedia&parent=26111"}],"wp:term":[{"taxonomy":"product_brand","embeddable":true,"href":"https:\/\/elifsstyl.com\/index.php?rest_route=%2Fwp%2Fv2%2Fproduct_brand&post=26111"},{"taxonomy":"product_cat","embeddable":true,"href":"https:\/\/elifsstyl.com\/index.php?rest_route=%2Fwp%2Fv2%2Fproduct_cat&post=26111"},{"taxonomy":"product_tag","embeddable":true,"href":"https:\/\/elifsstyl.com\/index.php?rest_route=%2Fwp%2Fv2%2Fproduct_tag&post=26111"}],"curies":[{"name":"wp","href":"https:\/\/api.w.org\/{rel}","templated":true}]}}