{"id":19285,"date":"2025-03-05T01:04:22","date_gmt":"2025-03-04T22:04:22","guid":{"rendered":"https:\/\/elifsstyl.com\/?page_id=19285"},"modified":"2025-11-07T04:30:34","modified_gmt":"2025-11-07T01:30:34","slug":"hakkimizda","status":"publish","type":"page","link":"https:\/\/elifsstyl.com\/?page_id=19285","title":{"rendered":"Hakk\u0131m\u0131zda"},"content":{"rendered":"\t\t<div data-elementor-type=\"wp-page\" data-elementor-id=\"19285\" class=\"elementor elementor-19285\" data-elementor-post-type=\"page\">\n\t\t\t\t<div class=\"wd-negative-gap elementor-element elementor-element-11347bd e-flex e-con-boxed e-con e-parent\" data-id=\"11347bd\" data-element_type=\"container\">\n\t\t\t\t\t<div class=\"e-con-inner\">\n\t\t\t\t<div class=\"elementor-element elementor-element-32f6570 wd-page-title-el elementor-widget elementor-widget-wd_page_title\" data-id=\"32f6570\" data-element_type=\"widget\" data-widget_type=\"wd_page_title.default\">\n\t\t\t\t<div class=\"elementor-widget-container\">\n\t\t\t\t\t\t\t\t\t<div class=\"wd-page-title page-title  page-title-default title-size-default title-design-default color-scheme-light\" style=\"\">\n\t\t\t\t\t<div class=\"container\">\n\t\t\t\t\t\t\t\t\t\t\t\t\t\t\t\t\t\t\t\t\t<h1 class=\"entry-title title\">\n\t\t\t\t\t\t\t\t\tHakk\u0131m\u0131zda\t\t\t\t\t\t\t\t<\/h1>\n\n\t\t\t\t\t\t\t\t\t\t\t\t\t\t\t\n\t\t\t\t\t\t\t\t\t\t\t\t\t\t\t<nav class=\"wd-breadcrumbs\"><span typeof=\"v:Breadcrumb\"><a href=\"https:\/\/elifsstyl.com\/\" rel=\"v:url\" property=\"v:title\">Home<\/a><\/span><span class=\"wd-delimiter\"><\/span><span class=\"wd-last\">Sayfa<\/span><\/nav>\t\t\t\t\t\t\t\t\t\t\t\t\t\t\t\t\t\t<\/div>\n\t\t\t\t<\/div>\n\t\t\t\t\t\t\t<\/div>\n\t\t\t\t<\/div>\n\t\t\t\t<div class=\"elementor-element elementor-element-4fb1726 elementor-widget elementor-widget-heading\" data-id=\"4fb1726\" data-element_type=\"widget\" data-widget_type=\"heading.default\">\n\t\t\t\t<div class=\"elementor-widget-container\">\n\t\t\t\t\t<h2 class=\"elementor-heading-title elementor-size-default\">Elifsstyl Ta\u015f Tozu Dekorasyon \u00dcr\u00fcnleri Sat\u0131\u015f Noktas\u0131<\/h2>\t\t\t\t<\/div>\n\t\t\t\t<\/div>\n\t\t\t\t\t<\/div>\n\t\t\t\t<\/div>\n\t\t<div class=\"wd-negative-gap elementor-element elementor-element-9923cf2 e-flex e-con-boxed e-con e-parent\" data-id=\"9923cf2\" data-element_type=\"container\">\n\t\t\t\t\t<div class=\"e-con-inner\">\n\t\t\t\t<div class=\"elementor-element elementor-element-4222a76 elementor-widget elementor-widget-wd_text_block\" data-id=\"4222a76\" data-element_type=\"widget\" data-widget_type=\"wd_text_block.default\">\n\t\t\t\t<div class=\"elementor-widget-container\">\n\t\t\t\t\t\t\t<div class=\"wd-text-block reset-last-child text-left\">\n\t\t\t\n\t\t\t<div><div>Elifsstyl: Esteti\u011fin ve Zarafetin Bulu\u015fma Noktas\u0131<\/div><br \/><div>Elifsstyl olarak, se\u00e7kin tasar\u0131mlar ve \u00fcst\u00fcn kalite anlay\u0131\u015f\u0131yla toptan sat\u0131\u015f d\u00fcnyas\u0131nda yeni bir soluk getiriyoruz. \u0130stanbul'un tarihi dokusundan ilham alarak do\u011fan markam\u0131z, sanat\u0131 ve i\u015f\u00e7ili\u011fi modern \u00e7izgilerle harmanlayarak ticaretin \u00f6tesinde bir de\u011fer yaratmay\u0131 ama\u00e7l\u0131yor.<\/div><br \/><div>Elifsstyl, perakende ma\u011fazalar\u0131n\u0131n ve profesyonel i\u015fletmelerin estetik alg\u0131s\u0131n\u0131 y\u00fckseltecek, \u00f6zg\u00fcn ve rafine \u00fcr\u00fcnlerden olu\u015fan geni\u015f bir koleksiyon sunar. Her bir \u00fcr\u00fcn, detaylara verilen \u00f6zen ve kalite standartlar\u0131na duyulan ba\u011fl\u0131l\u0131kla se\u00e7ilmi\u015f olup, sat\u0131\u015f noktalar\u0131n\u0131za zarafet ve prestij katmak i\u00e7in tasarlanm\u0131\u015ft\u0131r.<\/div><br \/><div>El i\u015f\u00e7ili\u011fiyle \u00fcretilen \u00f6zel par\u00e7alar\u0131m\u0131z, geleneksel dokunu\u015flar\u0131 modern tasar\u0131m anlay\u0131\u015f\u0131yla bulu\u015fturur. Her detayda hissedilen ustal\u0131k, sadece bir \u00fcr\u00fcn de\u011fil, ayn\u0131 zamanda bir hikaye ta\u015f\u0131r. Elifsstyl, sanat\u0131 ticaretin merkezine alarak de\u011ferli m\u00fc\u015fterilerine ilham veren koleksiyonlar sunar.<\/div><br \/><div>K\u00f6klerimiz, \u0130stanbul'un \u00e7ok katmanl\u0131 k\u00fclt\u00fcr\u00fcnden beslenirken, vizyonumuz uluslararas\u0131 pazarlara uzan\u0131r. Elifsstyl olarak, bu b\u00fcy\u00fcleyici \u015fehrin estetik ve k\u00fclt\u00fcrel derinli\u011fini \u00fcr\u00fcnlerimize yans\u0131tarak i\u015fletmenizin m\u00fc\u015fterilerine benzersiz bir deneyim sunmas\u0131na katk\u0131da bulunuyoruz.<\/div><br \/><div>Sadece toptan sat\u0131\u015f odakl\u0131 bir marka olarak, i\u015f ortaklar\u0131m\u0131z\u0131n beklentilerini en \u00fcst seviyede kar\u015f\u0131lamak i\u00e7in buraday\u0131z. Se\u00e7kin koleksiyonlar\u0131m\u0131z, g\u00fcvenilir tedarik s\u00fcre\u00e7lerimiz ve profesyonel m\u00fc\u015fteri hizmetlerimizle i\u015fletmenizin ihtiya\u00e7 duydu\u011fu kaliteyi ve ayr\u0131cal\u0131\u011f\u0131 sunuyoruz.<\/div><br \/><div>Elifsstyl, ticaretin estetikle bulu\u015ftu\u011fu noktada, se\u00e7kin i\u015f ortaklar\u0131yla birlikte b\u00fcy\u00fcmeye devam ediyor. Bize kat\u0131l\u0131n, zarafeti ve kaliteyi i\u015finize yans\u0131t\u0131n.<\/div><br \/><div>Sayg\u0131lar\u0131m\u0131zla,<\/div><div>Elifsstyl Ekibi<\/div><\/div>\n\t\t\t\t\t<\/div>\n\t\t\t\t\t\t<\/div>\n\t\t\t\t<\/div>\n\t\t\t\t\t<\/div>\n\t\t\t\t<\/div>\n\t\t\t\t<\/div>\n\t\t","protected":false},"excerpt":{"rendered":"<p>Hakk\u0131m\u0131zda HomeSayfa Elifsstyl Ta\u015f Tozu Dekorasyon \u00dcr\u00fcnleri Sat\u0131\u015f Noktas\u0131 Elifsstyl: Esteti\u011fin ve Zarafetin Bulu\u015fma Noktas\u0131Elifsstyl olarak, se\u00e7kin tasar\u0131mlar ve \u00fcst\u00fcn<\/p>\n","protected":false},"author":1,"featured_media":0,"parent":0,"menu_order":0,"comment_status":"closed","ping_status":"closed","template":"","meta":{"footnotes":""},"class_list":["post-19285","page","type-page","status-publish","hentry"],"_links":{"self":[{"href":"https:\/\/elifsstyl.com\/index.php?rest_route=\/wp\/v2\/pages\/19285","targetHints":{"allow":["GET"]}}],"collection":[{"href":"https:\/\/elifsstyl.com\/index.php?rest_route=\/wp\/v2\/pages"}],"about":[{"href":"https:\/\/elifsstyl.com\/index.php?rest_route=\/wp\/v2\/types\/page"}],"author":[{"embeddable":true,"href":"https:\/\/elifsstyl.com\/index.php?rest_route=\/wp\/v2\/users\/1"}],"replies":[{"embeddable":true,"href":"https:\/\/elifsstyl.com\/index.php?rest_route=%2Fwp%2Fv2%2Fcomments&post=19285"}],"version-history":[{"count":7,"href":"https:\/\/elifsstyl.com\/index.php?rest_route=\/wp\/v2\/pages\/19285\/revisions"}],"predecessor-version":[{"id":27335,"href":"https:\/\/elifsstyl.com\/index.php?rest_route=\/wp\/v2\/pages\/19285\/revisions\/27335"}],"wp:attachment":[{"href":"https:\/\/elifsstyl.com\/index.php?rest_route=%2Fwp%2Fv2%2Fmedia&parent=19285"}],"curies":[{"name":"wp","href":"https:\/\/api.w.org\/{rel}","templated":true}]}}