{"id":116,"date":"2022-12-01T13:34:51","date_gmt":"2022-12-01T13:34:51","guid":{"rendered":"http:\/\/dummy.xtemos.com\/woodmart2\/mega-electronics-elementor\/?page_id=116"},"modified":"2025-03-03T10:19:34","modified_gmt":"2025-03-03T07:19:34","slug":"contact","status":"publish","type":"page","link":"https:\/\/elifsstyl.com\/?page_id=116","title":{"rendered":"\u0130leti\u015fim"},"content":{"rendered":"\t\t<div data-elementor-type=\"wp-page\" data-elementor-id=\"116\" class=\"elementor elementor-116\" data-elementor-post-type=\"page\">\n\t\t\t\t<div class=\"wd-negative-gap elementor-element elementor-element-913f148 e-flex e-con-boxed e-con e-parent\" data-id=\"913f148\" data-element_type=\"container\" data-settings=\"{&quot;background_background&quot;:&quot;classic&quot;}\">\n\t\t\t\t\t<div class=\"e-con-inner\">\n\t\t\t\t\t<\/div>\n\t\t\t\t<\/div>\n\t\t<div class=\"wd-negative-gap elementor-element elementor-element-6c4bc4c e-flex e-con-boxed e-con e-parent\" data-id=\"6c4bc4c\" data-element_type=\"container\">\n\t\t\t\t\t<div class=\"e-con-inner\">\n\t\t<div class=\"elementor-element elementor-element-b385ae7 e-con-full e-flex e-con e-child\" data-id=\"b385ae7\" data-element_type=\"container\">\n\t\t\t\t<div class=\"elementor-element elementor-element-13af1ba elementor-widget elementor-widget-google_maps\" data-id=\"13af1ba\" data-element_type=\"widget\" data-widget_type=\"google_maps.default\">\n\t\t\t\t<div class=\"elementor-widget-container\">\n\t\t\t\t\t\t\t<div class=\"elementor-custom-embed\">\n\t\t\t<iframe loading=\"lazy\"\n\t\t\t\t\tsrc=\"https:\/\/maps.google.com\/maps?q=X4F6%2B88%20Ata%C5%9Fehir%2C%20%C4%B0stanbul&#038;t=m&#038;z=11&#038;output=embed&#038;iwloc=near\"\n\t\t\t\t\ttitle=\"X4F6+88 Ata\u015fehir, \u0130stanbul\"\n\t\t\t\t\taria-label=\"X4F6+88 Ata\u015fehir, \u0130stanbul\"\n\t\t\t><\/iframe>\n\t\t<\/div>\n\t\t\t\t\t\t<\/div>\n\t\t\t\t<\/div>\n\t\t\t\t<\/div>\n\t\t<div class=\"elementor-element elementor-element-40d27fc e-con-full e-flex e-con e-child\" data-id=\"40d27fc\" data-element_type=\"container\">\n\t\t<div class=\"elementor-element elementor-element-59e7961 e-con-full e-flex e-con e-child\" data-id=\"59e7961\" data-element_type=\"container\" data-settings=\"{&quot;background_background&quot;:&quot;classic&quot;}\">\n\t\t\t\t<div class=\"elementor-element elementor-element-32c8005 wd-width-100 elementor-widget elementor-widget-wd_title\" data-id=\"32c8005\" data-element_type=\"widget\" data-widget_type=\"wd_title.default\">\n\t\t\t\t<div class=\"elementor-widget-container\">\n\t\t\t\t\t\t\t<div class=\"title-wrapper wd-set-mb reset-last-child wd-title-color-default wd-title-style-default wd-title-size-default text-left\">\n\n\t\t\t\n\t\t\t<div class=\"liner-continer\">\n\t\t\t\t<h4 class=\"woodmart-title-container title wd-fontsize-l\">Addres<\/h4> \n\t\t\t\t\t\t\t<\/div>\n\n\t\t\t\t\t<\/div>\n\t\t\t\t\t\t<\/div>\n\t\t\t\t<\/div>\n\t\t\t\t<div class=\"elementor-element elementor-element-a2c952b elementor-widget elementor-widget-wd_list\" data-id=\"a2c952b\" data-element_type=\"widget\" data-widget_type=\"wd_list.default\">\n\t\t\t\t<div class=\"elementor-widget-container\">\n\t\t\t\t\t\t\t<ul class=\"wd-list color-scheme- wd-fontsize-xs wd-type-icon wd-style-default text-left\">\n\t\t\t\t\t\t\t\t\t\t\t<li class=\"elementor-repeater-item-24a14b2\">\n\t\t\t\t\t\t\t\t\t\t\t<span class=\"wd-icon\"><img loading=\"lazy\" decoding=\"async\"  src=\"https:\/\/elifsstyl.com\/wp-content\/uploads\/2023\/01\/map-point.svg\" title=\"map-point\" loading=\"lazy\" width=\"36\" height=\"36\"><\/span>\t\t\t\t\t\n\t\t\t\t\t<span class=\"wd-list-content list-content\">\n\t\t\t\t\t\tErta\u015f, Ali Nihat Tarlan Cad, \u0130\u00e7erenk\u00f6y, G\u00fclpembe Sok. 5\/75, 34000 Ata\u015fehir\/\u0130stanbul\t\t\t\t\t<\/span>\n\n\t\t\t\t\t\n\t\t\t\t\t\t<a  href=\"https:\/\/maps.app.goo.gl\/k8opSAeAqHH7kWUy6\" class=\"wd-fill\" aria-label=\"List item link\"><\/a>\n\t\t\t\t\t\t\t\t\t<\/li>\n\t\t\t\t\t\t\t\t\t\t\t<li class=\"elementor-repeater-item-7343a3e\">\n\t\t\t\t\t\t\t\t\t\t\t<span class=\"wd-icon\"><img loading=\"lazy\" decoding=\"async\"  src=\"https:\/\/elifsstyl.com\/wp-content\/uploads\/2023\/01\/phone-1.svg\" title=\"phone\" loading=\"lazy\" width=\"36\" height=\"36\"><\/span>\t\t\t\t\t\n\t\t\t\t\t<span class=\"wd-list-content list-content\">\n\t\t\t\t\t\t+90 535 925 35 37\t\t\t\t\t<\/span>\n\n\t\t\t\t\t\n\t\t\t\t\t\t<a  href=\"tel:%20+90%20535%20925%2035%2037\" class=\"wd-fill\" aria-label=\"List item link\"><\/a>\n\t\t\t\t\t\t\t\t\t<\/li>\n\t\t\t\t\t<\/ul>\n\n\t\t\t\t\t\t<\/div>\n\t\t\t\t<\/div>\n\t\t<div class=\"elementor-element elementor-element-b104948 e-con-full e-flex e-con e-child\" data-id=\"b104948\" data-element_type=\"container\">\n\t\t\t\t<div class=\"elementor-element elementor-element-1198cec elementor-widget__width-auto elementor-widget elementor-widget-wd_button\" data-id=\"1198cec\" data-element_type=\"widget\" data-widget_type=\"wd_button.default\">\n\t\t\t\t<div class=\"elementor-widget-container\">\n\t\t\t\t\t\t\t<div class=\"wd-button-wrapper text-left\" >\n\t\t\t<a class=\"btn btn-style-default btn-shape-semi-round btn-size-extra-small btn-icon-pos-left\"  href=\"https:\/\/elifsstyl.com\/\">\n\t\t\t\t<span class=\"wd-btn-text\" data-elementor-setting-key=\"text\">\n\t\t\t\t\tMa\u011faza\t\t\t\t<\/span>\n\n\t\t\t\t\t\t\t\t\t<span class=\"wd-btn-icon\">\n\t\t\t\t\t\t<img loading=\"lazy\" decoding=\"async\"  src=\"https:\/\/elifsstyl.com\/wp-content\/uploads\/2023\/01\/cart.svg\" title=\"cart\" loading=\"lazy\" width=\"14\" height=\"14\">\t\t\t\t\t<\/span>\n\t\t\t\t\t\t\t<\/a>\n\t\t<\/div>\n\t\t\t\t\t\t<\/div>\n\t\t\t\t<\/div>\n\t\t\t\t<\/div>\n\t\t\t\t<\/div>\n\t\t\t\t<\/div>\n\t\t\t\t\t<\/div>\n\t\t\t\t<\/div>\n\t\t\t\t<\/div>\n\t\t","protected":false},"excerpt":{"rendered":"<p>Addres Erta\u015f, Ali Nihat Tarlan Cad, \u0130\u00e7erenk\u00f6y, G\u00fclpembe Sok. 5\/75, 34000 Ata\u015fehir\/\u0130stanbul +90 535 925 35 37 Ma\u011faza<\/p>\n","protected":false},"author":1,"featured_media":0,"parent":0,"menu_order":0,"comment_status":"closed","ping_status":"closed","template":"","meta":{"footnotes":""},"class_list":["post-116","page","type-page","status-publish","hentry"],"_links":{"self":[{"href":"https:\/\/elifsstyl.com\/index.php?rest_route=\/wp\/v2\/pages\/116","targetHints":{"allow":["GET"]}}],"collection":[{"href":"https:\/\/elifsstyl.com\/index.php?rest_route=\/wp\/v2\/pages"}],"about":[{"href":"https:\/\/elifsstyl.com\/index.php?rest_route=\/wp\/v2\/types\/page"}],"author":[{"embeddable":true,"href":"https:\/\/elifsstyl.com\/index.php?rest_route=\/wp\/v2\/users\/1"}],"replies":[{"embeddable":true,"href":"https:\/\/elifsstyl.com\/index.php?rest_route=%2Fwp%2Fv2%2Fcomments&post=116"}],"version-history":[{"count":9,"href":"https:\/\/elifsstyl.com\/index.php?rest_route=\/wp\/v2\/pages\/116\/revisions"}],"predecessor-version":[{"id":19252,"href":"https:\/\/elifsstyl.com\/index.php?rest_route=\/wp\/v2\/pages\/116\/revisions\/19252"}],"wp:attachment":[{"href":"https:\/\/elifsstyl.com\/index.php?rest_route=%2Fwp%2Fv2%2Fmedia&parent=116"}],"curies":[{"name":"wp","href":"https:\/\/api.w.org\/{rel}","templated":true}]}}